{"id":128,"date":"2022-04-29T23:21:25","date_gmt":"2022-04-29T21:21:25","guid":{"rendered":"https:\/\/straart.com\/gal\/?page_id=128"},"modified":"2022-05-30T20:41:11","modified_gmt":"2022-05-30T18:41:11","slug":"accesibilidade","status":"publish","type":"page","link":"https:\/\/concertosdoxacobeo.gal\/2024\/accesibilidade\/","title":{"rendered":"Accesibilidade"},"content":{"rendered":"[vc_row type=&#8221;in_container&#8221; full_screen_row_position=&#8221;middle&#8221; column_margin=&#8221;default&#8221; column_direction=&#8221;default&#8221; column_direction_tablet=&#8221;default&#8221; column_direction_phone=&#8221;default&#8221; scene_position=&#8221;center&#8221; bottom_padding=&#8221;10%&#8221; text_color=&#8221;dark&#8221; text_align=&#8221;left&#8221; row_border_radius=&#8221;none&#8221; row_border_radius_applies=&#8221;bg&#8221; overflow=&#8221;visible&#8221; advanced_gradient_angle=&#8221;0&#8243; overlay_strength=&#8221;0.3&#8243; gradient_direction=&#8221;left_to_right&#8221; shape_divider_position=&#8221;bottom&#8221; bg_image_animation=&#8221;none&#8221; gradient_type=&#8221;default&#8221; shape_type=&#8221;&#8221;][vc_column column_padding=&#8221;no-extra-padding&#8221; column_padding_tablet=&#8221;inherit&#8221; column_padding_phone=&#8221;inherit&#8221; column_padding_position=&#8221;all&#8221; column_element_spacing=&#8221;default&#8221; background_color_opacity=&#8221;1&#8243; background_hover_color_opacity=&#8221;1&#8243; column_shadow=&#8221;none&#8221; column_border_radius=&#8221;none&#8221; column_link_target=&#8221;_self&#8221; column_position=&#8221;default&#8221; gradient_direction=&#8221;left_to_right&#8221; overlay_strength=&#8221;0.3&#8243; width=&#8221;1\/1&#8243; tablet_width_inherit=&#8221;default&#8221; tablet_text_alignment=&#8221;default&#8221; phone_text_alignment=&#8221;default&#8221; animation_type=&#8221;default&#8221; bg_image_animation=&#8221;none&#8221; border_type=&#8221;simple&#8221; column_border_width=&#8221;none&#8221; column_border_style=&#8221;solid&#8221;][vc_column_text]\n<h2>Conformidade a est\u00e1ndares e accesibilidade desta web<\/h2>\n<h3>Pol\u00edtica de accesibilidade<\/h3>\n<p>A Xunta de Galicia procura que a presentaci\u00f3n de todos os contidos e funcionalidades esenciais da web sexa independente dos dispositivos f\u00edsicos e navegadores web empregados para tal fin e accesibles para navegadores adaptados a persoas con minusval\u00edas ou limitaci\u00f3ns sensoriais, motoras ou cognitivas.<\/p>\n<p>A pol\u00edtica de accesibilidade aplicada pola Xunta de Galicia est\u00e1 ali\u00f1ada coas esixencias do Real Decreto 1494\/2007, de 12 de novembro, que aproba o\u00a0Regulamento sobre as condici\u00f3ns b\u00e1sicas para o acceso das persoas con discapacidade \u00e1s tecnolox\u00edas, produtos e servizos relacionados coa sociedade da informaci\u00f3n e medios de comunicaci\u00f3n social.<\/p>\n<h3>Alcance<\/h3>\n<p>O alcance desta declaraci\u00f3n de conformidade de accesibilidade \u00e9 o de todas as p\u00e1xinas do portal web da Xunta de Galicia\u00a0www.xunta.es que mante\u00f1an a mesma cabeceira e p\u00e9 de p\u00e1xina que a portada do portal.<\/p>\n<p>Cumprimento de est\u00e1ndares<\/p>\n<ul>\n<li>As p\u00e1xinas deste sitio web cumpren todos os requisitos de\u00a0Prioridade 1\u00a0e\u00a0Prioridade 2\u00a0segundo a\u00a0<a href=\"https:\/\/administracionelectronica.gob.es\/pae_Home\/pae_Estrategias\/pae_Accesibilidad\/pae_normativa\/pae_eInclusion_Normas_Accesibilidad.html#.W7X-6Wgza70\" target=\"_blank\" rel=\"noopener\">Norma UNE 139803:2012.<\/a><\/li>\n<li>Cumprimento das normas\u00a0<a title=\"WCAG 1.0\" href=\"http:\/\/www.w3.org\/TR\/WCAG10\/\" target=\"_blank\" rel=\"noopener\">WCAG 1.0<\/a>\u00a0(Web Content Accessibility Guidelines) do W3C(World Wide Web Consortium), no seu nivel intermedio (AA).<\/li>\n<li>A presentaci\u00f3n bas\u00e9ase na recomendaci\u00f3n do W3C sobre as Follas de Estilo en Cascada Nivel 2 Revisi\u00f3n 1 (CSS 2.1).<\/li>\n<li>Empregouse a linguaxe de marcado XHTML na s\u00faa especificaci\u00f3n 1.0 Transicional.<\/li>\n<\/ul>\n<p>Recom\u00e9ndase utilizar as versi\u00f3ns m\u00e1is recentes de navegadores tales como\u00a0<a title=\"Mozilla Firefox\" href=\"http:\/\/www.mozilla.com\/gl\/firefox\/\" target=\"_blank\" rel=\"noopener\">Mozilla Firefox<\/a>,\u00a0<a title=\"Chrome\" href=\"http:\/\/www.google.com\/chrome\" target=\"_blank\" rel=\"noopener\">Chrome<\/a>,\u00a0<a title=\"Opera\" href=\"http:\/\/www.opera.com\/\" target=\"_blank\" rel=\"noopener\">Opera<\/a>,\u00a0<a title=\"Konqueror\" href=\"http:\/\/www.konqueror.org\/download\/\" target=\"_blank\" rel=\"noopener\">Konqueror<\/a>,\u00a0<a title=\"Internet Explorer\" href=\"https:\/\/www.microsoft.com\/es-es\/download\/internet-explorer.aspx\" target=\"_blank\" rel=\"noopener\">Internet Explorer<\/a>,\u00a0<a title=\"Safari\" href=\"http:\/\/www.apple.com\/es\/safari\/download\/\" target=\"_blank\" rel=\"noopener\">Safari<\/a>, etc.<\/p>\n<h3>Data de \u00faltima revisi\u00f3n<\/h3>\n<p>A \u00faltima revisi\u00f3n sobre o nivel de accesibilidade deste portal foi realizada con data do 27\/04\/2012.<\/p>\n<h2>Uso das caracter\u00edsticas de accesibilidade<\/h2>\n<p>O acceso \u00e1s caracter\u00edsticas de accesibilidade var\u00eda entre os navegadores m\u00e1is utilizados. Nesta secci\u00f3n descr\u00edbense os m\u00e9todos concretos para sacar o maior partido \u00e1s facilidades que proporciona cada un deles<\/p>\n<h3>Teclas de acceso r\u00e1pido<\/h3>\n<p>O acceso \u00e1s ligaz\u00f3ns que te\u00f1en unha tecla de acceso r\u00e1pido definida real\u00edzase pulsando distintas combinaci\u00f3ns de teclas segundo o navegador:<\/p>\n<ul>\n<li>Microsoft Internet Explorer; Pulse a combinaci\u00f3n de teclas\u00a0Alt\u00a0tecla de acceso r\u00e1pido e a continuaci\u00f3n Retorno\u00a0Enter.<\/li>\n<li>Netscape e Firefox:\u00a0Pulse a un tempo as teclas Shift (a empregada para escribir letras mai\u00fasculas unha a unha) e Alt, e a a tecla de acceso r\u00e1pido.<\/li>\n<li>Opera 7 e superior:\u00a0Pulse a un tempo as teclas\u00a0Shift\u00a0(a empregada para escribir letras mai\u00fasculas unha a unha) e\u00a0Esc, s\u00f3lteas e a continuaci\u00f3n pulse s\u00f3 a tecla de acceso r\u00e1pido.<\/li>\n<li>En\u00a0Macintosh\u00a0a tecla\u00a0Alt\u00a0substit\u00faese pola tecla\u00a0Ctrl.<\/li>\n<\/ul>\n<p>Neste portal web est\u00e1n dispo\u00f1ibles as teclas de acceso r\u00e1pidos:<\/p>\n<p>0 &#8211; Portada\u00a01 &#8211; Mapa do portal\u00a02 &#8211; Accesibilidade\u00a03 &#8211; Atend\u00e9molo\/a<\/p>\n<p>No caso de haber tabs as teclas son:<\/p>\n<p>A &#8211; Primeira\u00a0B &#8211; Segunda\u00a0C &#8211; Terceira\u00a0E as\u00ed sucesivamente.<\/p>\n<h3>Tama\u00f1o dos textos<\/h3>\n<p>As p\u00e1xinas da web da Xunta de Galicia especifican o tama\u00f1o dos textos de forma relativa, \u00e9 dicir, permiten que os navegadores aumenten ou dimin\u00faan o tama\u00f1o dos textos segundo as preferencias do usuario, e sen crear problemas de visualizaci\u00f3n.<\/p>\n<p>Pode controlar o tama\u00f1o dos textos no seu navegador da seguinte maneira:<\/p>\n<ul>\n<li>Microsoft Internet Explorer: A trav\u00e9s do men\u00fa\u00a0\u201dVer\u201d &gt; \u201dTama\u00f1o de texto\u201d.<\/li>\n<li>Netscape e Firefox:\u00a0A trav\u00e9s do men\u00fa\u00a0\u201dVer\u201d &gt; \u201dTama\u00f1o do texto\u201d\u00a0ou empregando a combinaci\u00f3n de teclas Ctrl &#8220;+&#8221; ou Ctrl &#8220;-&#8220;, segundo qu\u00e9irase aumentar ou diminu\u00edr o tama\u00f1o do texto, respectivamente. Pulsando Ctrl= restablece o texto ao tama\u00f1o normal.<\/li>\n<li>Opera 7 e superior: A trav\u00e9s do men\u00fa\u00a0\u201dVer\u201d &gt; \u201dEscala\u201d ou empregando as teclas , &#8211; e * segundo qu\u00e9irase aumentar, diminu\u00edr ou restablecer o tama\u00f1o do texto.<\/li>\n<\/ul>\n<h3>Navegaci\u00f3n<\/h3>\n<p>Para facilitar a navegaci\u00f3n e identificaci\u00f3n do portal, todas as p\u00e1xinas do portal web mante\u00f1en compo\u00f1entes com\u00fans como a cabeceira e p\u00e9 de p\u00e1xina.<\/p>\n<p>A cabeceira cont\u00e9n principalmente:<\/p>\n<p>Un espazo de utilidades:<\/p>\n<ul>\n<li>P\u00e1xina de Inicio<\/li>\n<li>Canle Institucional<\/li>\n<li>Canle Profesional<\/li>\n<li>Buscador<\/li>\n<li>Mapa do Portal<\/li>\n<li>Versi\u00f3ns idiom\u00e1ticas do portal (Galego, Castel\u00e1n e Ingl\u00e9s)<\/li>\n<\/ul>\n<p>Un men\u00fa principal con&#8230;<\/p>\n<ul>\n<li>Acerca de Galicia<\/li>\n<li>Destinos<\/li>\n<li>Experiencias<\/li>\n<li>Plans<\/li>\n<\/ul>\n<p>O p\u00e9 cont\u00e9n principalmente:<\/p>\n<p>Ligaz\u00f3ns\u00a0 \u00e1 portal de Xunta, \u00e1 \u201cPol\u00edtica de privacidade\u201d, &#8220;Contacto&#8221;,\u00a0 &#8220;Accesibilidade&#8221; e p\u00e1xina de inicio.[\/vc_column_text][\/vc_column][\/vc_row]\n","protected":false},"excerpt":{"rendered":"<p>[vc_row type=&#8221;in_container&#8221; full_screen_row_position=&#8221;middle&#8221; column_margin=&#8221;default&#8221; column_direction=&#8221;default&#8221; column_direction_tablet=&#8221;default&#8221; column_direction_phone=&#8221;default&#8221; scene_position=&#8221;center&#8221; bottom_padding=&#8221;10%&#8221; text_color=&#8221;dark&#8221; text_align=&#8221;left&#8221; row_border_radius=&#8221;none&#8221; row_border_radius_applies=&#8221;bg&#8221; overflow=&#8221;visible&#8221; advanced_gradient_angle=&#8221;0&#8243; overlay_strength=&#8221;0.3&#8243; gradient_direction=&#8221;left_to_right&#8221; shape_divider_position=&#8221;bottom&#8221; bg_image_animation=&#8221;none&#8221; gradient_type=&#8221;default&#8221; shape_type=&#8221;&#8221;][vc_column column_padding=&#8221;no-extra-padding&#8221; column_padding_tablet=&#8221;inherit&#8221; column_padding_phone=&#8221;inherit&#8221; column_padding_position=&#8221;all&#8221; column_element_spacing=&#8221;default&#8221; background_color_opacity=&#8221;1&#8243; background_hover_color_opacity=&#8221;1&#8243; column_shadow=&#8221;none&#8221; column_border_radius=&#8221;none&#8221;&#8230;<\/p>\n","protected":false},"author":1,"featured_media":0,"parent":0,"menu_order":12,"comment_status":"closed","ping_status":"closed","template":"","meta":{"inline_featured_image":false,"footnotes":""},"yoast_head":"<!-- This site is optimized with the Yoast SEO plugin v22.7 - https:\/\/yoast.com\/wordpress\/plugins\/seo\/ -->\n<title>Accesibilidade &#8212; ConcertosDoXacobeo.gal<\/title>\n<meta name=\"robots\" content=\"noindex, follow\" \/>\n<meta property=\"og:locale\" content=\"gl_ES\" \/>\n<meta property=\"og:type\" content=\"article\" \/>\n<meta property=\"og:title\" content=\"Accesibilidade &#8212; ConcertosDoXacobeo.gal\" \/>\n<meta property=\"og:description\" content=\"[vc_row type=&#8221;in_container&#8221; full_screen_row_position=&#8221;middle&#8221; column_margin=&#8221;default&#8221; column_direction=&#8221;default&#8221; column_direction_tablet=&#8221;default&#8221; column_direction_phone=&#8221;default&#8221; scene_position=&#8221;center&#8221; bottom_padding=&#8221;10%&#8221; text_color=&#8221;dark&#8221; text_align=&#8221;left&#8221; row_border_radius=&#8221;none&#8221; row_border_radius_applies=&#8221;bg&#8221; overflow=&#8221;visible&#8221; advanced_gradient_angle=&#8221;0&#8243; overlay_strength=&#8221;0.3&#8243; gradient_direction=&#8221;left_to_right&#8221; shape_divider_position=&#8221;bottom&#8221; bg_image_animation=&#8221;none&#8221; gradient_type=&#8221;default&#8221; shape_type=&#8221;&#8221;][vc_column column_padding=&#8221;no-extra-padding&#8221; column_padding_tablet=&#8221;inherit&#8221; column_padding_phone=&#8221;inherit&#8221; column_padding_position=&#8221;all&#8221; column_element_spacing=&#8221;default&#8221; background_color_opacity=&#8221;1&#8243; background_hover_color_opacity=&#8221;1&#8243; column_shadow=&#8221;none&#8221; column_border_radius=&#8221;none&#8221;...\" \/>\n<meta property=\"og:url\" content=\"https:\/\/concertosdoxacobeo.gal\/2024\/accesibilidade\/\" \/>\n<meta property=\"og:site_name\" content=\"ConcertosDoXacobeo.gal\" \/>\n<meta property=\"article:publisher\" content=\"https:\/\/www.facebook.com\/CaminoXacobeo\" \/>\n<meta property=\"article:modified_time\" content=\"2022-05-30T18:41:11+00:00\" \/>\n<meta name=\"twitter:card\" content=\"summary_large_image\" \/>\n<meta name=\"twitter:site\" content=\"@camino_xacobeo\" \/>\n<meta name=\"twitter:label1\" content=\"Tempo de lectura\" \/>\n\t<meta name=\"twitter:data1\" content=\"5 minutos\" \/>\n<script type=\"application\/ld+json\" class=\"yoast-schema-graph\">{\"@context\":\"https:\/\/schema.org\",\"@graph\":[{\"@type\":\"WebPage\",\"@id\":\"https:\/\/concertosdoxacobeo.gal\/2024\/accesibilidade\/\",\"url\":\"https:\/\/concertosdoxacobeo.gal\/2024\/accesibilidade\/\",\"name\":\"Accesibilidade &#8212; ConcertosDoXacobeo.gal\",\"isPartOf\":{\"@id\":\"https:\/\/concertosdoxacobeo.gal\/2024\/#website\"},\"datePublished\":\"2022-04-29T21:21:25+00:00\",\"dateModified\":\"2022-05-30T18:41:11+00:00\",\"breadcrumb\":{\"@id\":\"https:\/\/concertosdoxacobeo.gal\/2024\/accesibilidade\/#breadcrumb\"},\"inLanguage\":\"gl-ES\",\"potentialAction\":[{\"@type\":\"ReadAction\",\"target\":[\"https:\/\/concertosdoxacobeo.gal\/2024\/accesibilidade\/\"]}]},{\"@type\":\"BreadcrumbList\",\"@id\":\"https:\/\/concertosdoxacobeo.gal\/2024\/accesibilidade\/#breadcrumb\",\"itemListElement\":[{\"@type\":\"ListItem\",\"position\":1,\"name\":\"Portada\",\"item\":\"https:\/\/concertosdoxacobeo.gal\/2024\/\"},{\"@type\":\"ListItem\",\"position\":2,\"name\":\"Accesibilidade\"}]},{\"@type\":\"WebSite\",\"@id\":\"https:\/\/concertosdoxacobeo.gal\/2024\/#website\",\"url\":\"https:\/\/concertosdoxacobeo.gal\/2024\/\",\"name\":\"ConcertosDoXacobeo.gal\",\"description\":\"A m\u00fasica ao vivo\",\"publisher\":{\"@id\":\"https:\/\/concertosdoxacobeo.gal\/2024\/#organization\"},\"potentialAction\":[{\"@type\":\"SearchAction\",\"target\":{\"@type\":\"EntryPoint\",\"urlTemplate\":\"https:\/\/concertosdoxacobeo.gal\/2024\/?s={search_term_string}\"},\"query-input\":\"required name=search_term_string\"}],\"inLanguage\":\"gl-ES\"},{\"@type\":\"Organization\",\"@id\":\"https:\/\/concertosdoxacobeo.gal\/2024\/#organization\",\"name\":\"CONCERTOS DO XACOBEO\",\"url\":\"https:\/\/concertosdoxacobeo.gal\/2024\/\",\"logo\":{\"@type\":\"ImageObject\",\"inLanguage\":\"gl-ES\",\"@id\":\"https:\/\/concertosdoxacobeo.gal\/2024\/#\/schema\/logo\/image\/\",\"url\":\"https:\/\/concertosdoxacobeo.gal\/2024\/wp-content\/uploads\/2022\/04\/logo-dark-retina-.png\",\"contentUrl\":\"https:\/\/concertosdoxacobeo.gal\/2024\/wp-content\/uploads\/2022\/04\/logo-dark-retina-.png\",\"width\":350,\"height\":210,\"caption\":\"CONCERTOS DO XACOBEO\"},\"image\":{\"@id\":\"https:\/\/concertosdoxacobeo.gal\/2024\/#\/schema\/logo\/image\/\"},\"sameAs\":[\"https:\/\/www.facebook.com\/CaminoXacobeo\",\"https:\/\/x.com\/camino_xacobeo\",\"https:\/\/www.instagram.com\/camino_xacobeo\/\"]}]}<\/script>\n<!-- \/ Yoast SEO plugin. -->","yoast_head_json":{"title":"Accesibilidade &#8212; ConcertosDoXacobeo.gal","robots":{"index":"noindex","follow":"follow"},"og_locale":"gl_ES","og_type":"article","og_title":"Accesibilidade &#8212; ConcertosDoXacobeo.gal","og_description":"[vc_row type=&#8221;in_container&#8221; full_screen_row_position=&#8221;middle&#8221; column_margin=&#8221;default&#8221; column_direction=&#8221;default&#8221; column_direction_tablet=&#8221;default&#8221; column_direction_phone=&#8221;default&#8221; scene_position=&#8221;center&#8221; bottom_padding=&#8221;10%&#8221; text_color=&#8221;dark&#8221; text_align=&#8221;left&#8221; row_border_radius=&#8221;none&#8221; row_border_radius_applies=&#8221;bg&#8221; overflow=&#8221;visible&#8221; advanced_gradient_angle=&#8221;0&#8243; overlay_strength=&#8221;0.3&#8243; gradient_direction=&#8221;left_to_right&#8221; shape_divider_position=&#8221;bottom&#8221; bg_image_animation=&#8221;none&#8221; gradient_type=&#8221;default&#8221; shape_type=&#8221;&#8221;][vc_column column_padding=&#8221;no-extra-padding&#8221; column_padding_tablet=&#8221;inherit&#8221; column_padding_phone=&#8221;inherit&#8221; column_padding_position=&#8221;all&#8221; column_element_spacing=&#8221;default&#8221; background_color_opacity=&#8221;1&#8243; background_hover_color_opacity=&#8221;1&#8243; column_shadow=&#8221;none&#8221; column_border_radius=&#8221;none&#8221;...","og_url":"https:\/\/concertosdoxacobeo.gal\/2024\/accesibilidade\/","og_site_name":"ConcertosDoXacobeo.gal","article_publisher":"https:\/\/www.facebook.com\/CaminoXacobeo","article_modified_time":"2022-05-30T18:41:11+00:00","twitter_card":"summary_large_image","twitter_site":"@camino_xacobeo","twitter_misc":{"Tempo de lectura":"5 minutos"},"schema":{"@context":"https:\/\/schema.org","@graph":[{"@type":"WebPage","@id":"https:\/\/concertosdoxacobeo.gal\/2024\/accesibilidade\/","url":"https:\/\/concertosdoxacobeo.gal\/2024\/accesibilidade\/","name":"Accesibilidade &#8212; ConcertosDoXacobeo.gal","isPartOf":{"@id":"https:\/\/concertosdoxacobeo.gal\/2024\/#website"},"datePublished":"2022-04-29T21:21:25+00:00","dateModified":"2022-05-30T18:41:11+00:00","breadcrumb":{"@id":"https:\/\/concertosdoxacobeo.gal\/2024\/accesibilidade\/#breadcrumb"},"inLanguage":"gl-ES","potentialAction":[{"@type":"ReadAction","target":["https:\/\/concertosdoxacobeo.gal\/2024\/accesibilidade\/"]}]},{"@type":"BreadcrumbList","@id":"https:\/\/concertosdoxacobeo.gal\/2024\/accesibilidade\/#breadcrumb","itemListElement":[{"@type":"ListItem","position":1,"name":"Portada","item":"https:\/\/concertosdoxacobeo.gal\/2024\/"},{"@type":"ListItem","position":2,"name":"Accesibilidade"}]},{"@type":"WebSite","@id":"https:\/\/concertosdoxacobeo.gal\/2024\/#website","url":"https:\/\/concertosdoxacobeo.gal\/2024\/","name":"ConcertosDoXacobeo.gal","description":"A m\u00fasica ao vivo","publisher":{"@id":"https:\/\/concertosdoxacobeo.gal\/2024\/#organization"},"potentialAction":[{"@type":"SearchAction","target":{"@type":"EntryPoint","urlTemplate":"https:\/\/concertosdoxacobeo.gal\/2024\/?s={search_term_string}"},"query-input":"required name=search_term_string"}],"inLanguage":"gl-ES"},{"@type":"Organization","@id":"https:\/\/concertosdoxacobeo.gal\/2024\/#organization","name":"CONCERTOS DO XACOBEO","url":"https:\/\/concertosdoxacobeo.gal\/2024\/","logo":{"@type":"ImageObject","inLanguage":"gl-ES","@id":"https:\/\/concertosdoxacobeo.gal\/2024\/#\/schema\/logo\/image\/","url":"https:\/\/concertosdoxacobeo.gal\/2024\/wp-content\/uploads\/2022\/04\/logo-dark-retina-.png","contentUrl":"https:\/\/concertosdoxacobeo.gal\/2024\/wp-content\/uploads\/2022\/04\/logo-dark-retina-.png","width":350,"height":210,"caption":"CONCERTOS DO XACOBEO"},"image":{"@id":"https:\/\/concertosdoxacobeo.gal\/2024\/#\/schema\/logo\/image\/"},"sameAs":["https:\/\/www.facebook.com\/CaminoXacobeo","https:\/\/x.com\/camino_xacobeo","https:\/\/www.instagram.com\/camino_xacobeo\/"]}]}},"_links":{"self":[{"href":"https:\/\/concertosdoxacobeo.gal\/2024\/wp-json\/wp\/v2\/pages\/128"}],"collection":[{"href":"https:\/\/concertosdoxacobeo.gal\/2024\/wp-json\/wp\/v2\/pages"}],"about":[{"href":"https:\/\/concertosdoxacobeo.gal\/2024\/wp-json\/wp\/v2\/types\/page"}],"author":[{"embeddable":true,"href":"https:\/\/concertosdoxacobeo.gal\/2024\/wp-json\/wp\/v2\/users\/1"}],"replies":[{"embeddable":true,"href":"https:\/\/concertosdoxacobeo.gal\/2024\/wp-json\/wp\/v2\/comments?post=128"}],"version-history":[{"count":3,"href":"https:\/\/concertosdoxacobeo.gal\/2024\/wp-json\/wp\/v2\/pages\/128\/revisions"}],"predecessor-version":[{"id":136,"href":"https:\/\/concertosdoxacobeo.gal\/2024\/wp-json\/wp\/v2\/pages\/128\/revisions\/136"}],"wp:attachment":[{"href":"https:\/\/concertosdoxacobeo.gal\/2024\/wp-json\/wp\/v2\/media?parent=128"}],"curies":[{"name":"wp","href":"https:\/\/api.w.org\/{rel}","templated":true}]}}