{"id":127,"date":"2022-04-29T23:21:30","date_gmt":"2022-04-29T21:21:30","guid":{"rendered":"https:\/\/straart.com\/gal\/?page_id=127"},"modified":"2022-05-30T20:40:49","modified_gmt":"2022-05-30T18:40:49","slug":"aviso-legal","status":"publish","type":"page","link":"https:\/\/concertosdoxacobeo.gal\/2024\/aviso-legal\/","title":{"rendered":"Aviso legal"},"content":{"rendered":"[vc_row type=&#8221;in_container&#8221; full_screen_row_position=&#8221;middle&#8221; column_margin=&#8221;default&#8221; column_direction=&#8221;default&#8221; column_direction_tablet=&#8221;default&#8221; column_direction_phone=&#8221;default&#8221; scene_position=&#8221;center&#8221; bottom_padding=&#8221;10%&#8221; text_color=&#8221;dark&#8221; text_align=&#8221;left&#8221; row_border_radius=&#8221;none&#8221; row_border_radius_applies=&#8221;bg&#8221; overflow=&#8221;visible&#8221; advanced_gradient_angle=&#8221;0&#8243; overlay_strength=&#8221;0.3&#8243; gradient_direction=&#8221;left_to_right&#8221; shape_divider_position=&#8221;bottom&#8221; bg_image_animation=&#8221;none&#8221; gradient_type=&#8221;default&#8221; shape_type=&#8221;&#8221;][vc_column column_padding=&#8221;no-extra-padding&#8221; column_padding_tablet=&#8221;inherit&#8221; column_padding_phone=&#8221;inherit&#8221; column_padding_position=&#8221;all&#8221; column_element_spacing=&#8221;default&#8221; background_color_opacity=&#8221;1&#8243; background_hover_color_opacity=&#8221;1&#8243; column_shadow=&#8221;none&#8221; column_border_radius=&#8221;none&#8221; column_link_target=&#8221;_self&#8221; column_position=&#8221;default&#8221; gradient_direction=&#8221;left_to_right&#8221; overlay_strength=&#8221;0.3&#8243; width=&#8221;1\/1&#8243; tablet_width_inherit=&#8221;default&#8221; tablet_text_alignment=&#8221;default&#8221; phone_text_alignment=&#8221;default&#8221; animation_type=&#8221;default&#8221; bg_image_animation=&#8221;none&#8221; border_type=&#8221;simple&#8221; column_border_width=&#8221;none&#8221; column_border_style=&#8221;solid&#8221;][vc_column_text]<b>Informaci\u00f3n xeral<\/b><\/p>\n<p>As presentes disposici\u00f3ns regulan o uso do servizo do portal da internet (en diante, o \u201cPortal&#8217;) que a Xunta de Galicia pon a disposici\u00f3n dos usuarios da internet.<\/p>\n<p>A Xunta de Galicia \u00e9 a titular do dominio \u201cwww.concertosdoxacobeo.gal\u201d e dos distintos elementos nel inclu\u00eddos.<\/p>\n<p>O contido facilitado a trav\u00e9s deste Portal em\u00edtese con efectos simplemente informativos e non substit\u00fae a publicidade das disposici\u00f3ns e actos que te\u00f1an que ser publicados formalmente en bolet\u00edns oficiais. A\u00ednda que se efectuar\u00e1n os esforzos precisos para que a informaci\u00f3n contida sexa exacta e actualizada, a Xunta de Galicia non garante a inexistencia de erros no contido deste Portal, nin que se atope totalmente actualizado.<\/p>\n<p>A Xunta de Galicia non se fai responsable dos danos e prexu\u00edzos que puidese ocasionar o uso ilex\u00edtimo ou inadecuado das ferramentas e informaci\u00f3ns contidas no Portal con excepci\u00f3n de todas aquelas actuaci\u00f3ns que resulten da aplicaci\u00f3n das disposici\u00f3ns legais \u00e1s que deba someterse no estrito exercicio das s\u00faas competencias.<\/p>\n<p>A Xunta de Galicia non asume responsabilidade algunha derivada da conexi\u00f3n ou contidos das ligaz\u00f3ns a p\u00e1xinas externas sobre as que non se ten ning\u00fan control, debendo o usuario deste Portal, en todo caso, aterse \u00e1s condici\u00f3ns de uso espec\u00edficas das devanditas ligaz\u00f3ns.<\/p>\n<p>A Xunta de Galicia\u00a0 res\u00e9rvase a facultade de efectuar, en calquera momento e sen necesidade de aviso previo, modificaci\u00f3ns e actualizaci\u00f3ns sobre a informaci\u00f3n contida ou na s\u00faa configuraci\u00f3n ou presentaci\u00f3n.<\/p>\n<p><b>Propiedade intelectual e industrial<\/b><\/p>\n<p>Os dereitos de propiedade intelectual deste sitio web e dos seus elementos contidos son titularidade da Administraci\u00f3n xeral e do sector p\u00fablico auton\u00f3mico de Galicia.<\/p>\n<p>A informaci\u00f3n dispo\u00f1ible neste Portal, est\u00e1 sometida a dereitos de copia. A informaci\u00f3n susceptible de reutilizaci\u00f3n est\u00e1 presente a trav\u00e9s do portal\u00a0 abertos.xunta.gal,\u00a0 a\u00ednda que esta pode ser tam\u00e9n atopada no portal da Axencia de Turismo de Galicia e sometida aos mesmos dereitos que a situada no portal abertos.xunta.gal. A informaci\u00f3n que a Axencia de Turismo de Galicia proporciona a trav\u00e9s do portal abertos.xunta.gal permite a s\u00faa reproduci\u00f3n total ou parcial, modificaci\u00f3n, distribuci\u00f3n e comunicaci\u00f3n, para usos comerciais e non comerciais, con suxeici\u00f3n \u00e1s seguintes condici\u00f3ns:<\/p>\n<ul>\n<li>Queda prohibida en calquera circunstancia ou desnaturalizaci\u00f3n do contido da informaci\u00f3n.<\/li>\n<li>O usuario queda obrigado a citar a fonte dos documentos obxecto da reutilizaci\u00f3n.<\/li>\n<\/ul>\n<p><a name=\"cookies\"><\/a>Esta licenza non reduce ou restrinxe os dereitos exclusivos do titular dos dereitos de propiedade intelectual, tales como o dese\u00f1o do Portal e c\u00f3digos fonte, marcas, nomes comerciais,\u00a0 \u00a0logos ou signos distintivos, de acordo coa Lei de propiedade intelectual ou calquera outras leis aplicables.<\/p>\n<p><b>Privacidade<\/b><\/p>\n<p>Coa s\u00faa navegaci\u00f3n, vostede presta o consentimento para recibir as\u00a0 cookies que utiliza o Portal, que en ning\u00fan caso empr\u00e9ganse para recoller informaci\u00f3n de car\u00e1cter persoal. Son de dous tipos:<\/p>\n<p><u>Cookies propias<\/u>: son enviadas ao seu equipo e xestionadas exclusivamente pola Xunta de Galicia, que s\u00f3 obt\u00e9n e conserva a informaci\u00f3n relativa aos datos de sesi\u00f3n e idioma. Estas\u00a0 cookies son necesarias para o correcto funcionamento e visualizaci\u00f3n do Portal por parte do usuario.<\/p>\n<p><u>Cookies anal\u00edticas de terceiro<\/u>: o Portal usa as\u00a0 cookies da ferramenta\u00a0 Google\u00a0 Analytics, que realiza unha medici\u00f3n e an\u00e1lise estat\u00edstica da navegaci\u00f3n dos usuarios na web, co fin de mellorar os servizos que ofrece o Portal. A informaci\u00f3n que xera a\u00a0 cookie \u00e9 directamente transmitida e arquivada por Google.<\/p>\n<p>Para garantir o anonimato, Google converte a s\u00faa informaci\u00f3n en an\u00f3nima truncando a direcci\u00f3n IP antes de almacenala. Tampouco asocia a s\u00faa direcci\u00f3n IP truncada a ning\u00fan outro dato conservado por Google, nin pode enviar a informaci\u00f3n recollida por Google\u00a0 Analytics a terceiros salvo cando estea legalmente obrigado a facelo, conforme as condici\u00f3ns de prestaci\u00f3n do servizo de Google\u00a0 Analytics.<\/p>\n<p>Se vostede desexa denegar o permiso para o tratamento estat\u00edstico dos datos ou da informaci\u00f3n con Google\u00a0 Analytics, presione\u00a0<a title=\"aqu\u00ed\" href=\"https:\/\/tools.google.com\/dlpage\/gaoptout?hl=es\" target=\"_self\" rel=\"noopener\">aqu\u00ed<\/a>.<\/p>\n<p>Lembr\u00e1moslle que deber\u00e1 executar esta acci\u00f3n cada vez que cambie de navegador ou a s\u00faa configuraci\u00f3n, ou se elimina as\u00a0 cookies, posto que o indicador de denegaci\u00f3n se garda nunha\u00a0 cookie.<\/p>\n<p><b>Protecci\u00f3n de datos<\/b><\/p>\n<p>O tratamento dos datos de car\u00e1cter persoal que se realice a trav\u00e9s deste Portal estar\u00e1 suxeito ao establecido polo Regulamento (UE) 2016\/679 do Parlamento Europeo e do Consello, do 27 de abril de 2016, relativo \u00e1 protecci\u00f3n das persoas f\u00edsicas no que respecta ao tratamento de datos persoais e \u00e1 libre circulaci\u00f3n destes datos e polo que se derroga a Directiva 95\/46\/CE (Regulamento xeral de protecci\u00f3n de datos) e demais normativa de aplicaci\u00f3n. Os datos achegados polo interesado utilizaranse, con car\u00e1cter \u00fanico e exclusivo, para os fins previstos no procedemento ou actuaci\u00f3n que se trate. En ning\u00fan caso os referidos datos ser\u00e1n obxecto de tratamento ou de cesi\u00f3n a terceiros, se non \u00e9 co consentimento inequ\u00edvoco do afectado.<\/p>\n<p>En cumprimento do disposto no citado Regulamento o\u00a0 cedente dos datos poder\u00e1, en calquera momento, exercitar os dereitos de acceso, rectificaci\u00f3n, cancelaci\u00f3n e oposici\u00f3n na forma que regulamentariamente se determine.<\/p>\n<p>As persoas usuarias deste Portal te\u00f1en \u00e1 s\u00faa disposici\u00f3n toda a informaci\u00f3n relativa ao tratamento dos datos persoais levado a cabo pola Xunta de Galicia, inclu\u00edndo o modo en que poden exercitar os dereitos, o contacto cos Delegados e Delegadas de protecci\u00f3n de datos e demais aspectos segundo os termos esixidos polo Regulamento europeo de protecci\u00f3n de datos persoais, na seguinte ligaz\u00f3n:\u00a0<a title=\"Informaci\u00f3n sobre protecci\u00f3n de datos personales ( https:\/\/www.xunta.gal\/informacion-general- proteccion-datos)\" href=\"https:\/\/www.xunta.gal\/informacion-xeral-proteccion-datos\" target=\"_self\" rel=\"noopener\">Informaci\u00f3n sobre protecci\u00f3n de datos persoais (https:\/\/www.xunta.gal\/informacion-xeneral-\u00a0 proteccion-datos)<\/a>.<\/p>\n<p><b>Uso de linguas<\/b><\/p>\n<p>O artigo 13 da Lei 39\/2015, do 1 de outubro, do Procedemento Administrativo Com\u00fan das Administraci\u00f3ns P\u00fablicas, garante o exercicio dos dereitos ling\u00fc\u00edsticos reco\u00f1ecidos no ordenamento xur\u00eddico e, en particular, os referidos ao uso do galego nas relaci\u00f3ns da cidadan\u00eda coa Administraci\u00f3n p\u00fablica de Galicia. A estes efectos, o Portal posibilitar\u00e1 o acceso aos seus contidos e servizos, como m\u00ednimo,\u00a0 en galego e castel\u00e1n.<\/p>\n<p><b>Lei aplicable e xurisdici\u00f3n<\/b><\/p>\n<p>Para toda cuesti\u00f3n litixiosa ou que incumba ao Portal, ser\u00e1 de aplicaci\u00f3n a lexislaci\u00f3n espa\u00f1ola, sendo competentes para a resoluci\u00f3n de todos os conflitos derivados ou relacionados co uso do presente Portal, os Xulgados e Tribunais da cidade de Santiago de Compostela.[\/vc_column_text][\/vc_column][\/vc_row]\n","protected":false},"excerpt":{"rendered":"<p>[vc_row type=&#8221;in_container&#8221; full_screen_row_position=&#8221;middle&#8221; column_margin=&#8221;default&#8221; column_direction=&#8221;default&#8221; column_direction_tablet=&#8221;default&#8221; column_direction_phone=&#8221;default&#8221; scene_position=&#8221;center&#8221; bottom_padding=&#8221;10%&#8221; text_color=&#8221;dark&#8221; text_align=&#8221;left&#8221; row_border_radius=&#8221;none&#8221; row_border_radius_applies=&#8221;bg&#8221; overflow=&#8221;visible&#8221; advanced_gradient_angle=&#8221;0&#8243; overlay_strength=&#8221;0.3&#8243; gradient_direction=&#8221;left_to_right&#8221; shape_divider_position=&#8221;bottom&#8221; bg_image_animation=&#8221;none&#8221; gradient_type=&#8221;default&#8221; shape_type=&#8221;&#8221;][vc_column column_padding=&#8221;no-extra-padding&#8221; column_padding_tablet=&#8221;inherit&#8221; column_padding_phone=&#8221;inherit&#8221; column_padding_position=&#8221;all&#8221; column_element_spacing=&#8221;default&#8221; background_color_opacity=&#8221;1&#8243; background_hover_color_opacity=&#8221;1&#8243; column_shadow=&#8221;none&#8221; column_border_radius=&#8221;none&#8221;&#8230;<\/p>\n","protected":false},"author":1,"featured_media":0,"parent":0,"menu_order":11,"comment_status":"closed","ping_status":"closed","template":"","meta":{"inline_featured_image":false,"footnotes":""},"yoast_head":"<!-- This site is optimized with the Yoast SEO plugin v22.7 - https:\/\/yoast.com\/wordpress\/plugins\/seo\/ -->\n<title>Aviso legal &#8212; ConcertosDoXacobeo.gal<\/title>\n<meta name=\"robots\" content=\"noindex, follow\" \/>\n<meta property=\"og:locale\" content=\"gl_ES\" \/>\n<meta property=\"og:type\" content=\"article\" \/>\n<meta property=\"og:title\" content=\"Aviso legal &#8212; ConcertosDoXacobeo.gal\" \/>\n<meta property=\"og:description\" content=\"[vc_row type=&#8221;in_container&#8221; full_screen_row_position=&#8221;middle&#8221; column_margin=&#8221;default&#8221; column_direction=&#8221;default&#8221; column_direction_tablet=&#8221;default&#8221; column_direction_phone=&#8221;default&#8221; scene_position=&#8221;center&#8221; bottom_padding=&#8221;10%&#8221; text_color=&#8221;dark&#8221; text_align=&#8221;left&#8221; row_border_radius=&#8221;none&#8221; row_border_radius_applies=&#8221;bg&#8221; overflow=&#8221;visible&#8221; advanced_gradient_angle=&#8221;0&#8243; overlay_strength=&#8221;0.3&#8243; gradient_direction=&#8221;left_to_right&#8221; shape_divider_position=&#8221;bottom&#8221; bg_image_animation=&#8221;none&#8221; gradient_type=&#8221;default&#8221; shape_type=&#8221;&#8221;][vc_column column_padding=&#8221;no-extra-padding&#8221; column_padding_tablet=&#8221;inherit&#8221; column_padding_phone=&#8221;inherit&#8221; column_padding_position=&#8221;all&#8221; column_element_spacing=&#8221;default&#8221; background_color_opacity=&#8221;1&#8243; background_hover_color_opacity=&#8221;1&#8243; column_shadow=&#8221;none&#8221; column_border_radius=&#8221;none&#8221;...\" \/>\n<meta property=\"og:url\" content=\"https:\/\/concertosdoxacobeo.gal\/2024\/aviso-legal\/\" \/>\n<meta property=\"og:site_name\" content=\"ConcertosDoXacobeo.gal\" \/>\n<meta property=\"article:publisher\" content=\"https:\/\/www.facebook.com\/CaminoXacobeo\" \/>\n<meta property=\"article:modified_time\" content=\"2022-05-30T18:40:49+00:00\" \/>\n<meta name=\"twitter:card\" content=\"summary_large_image\" \/>\n<meta name=\"twitter:site\" content=\"@camino_xacobeo\" \/>\n<meta name=\"twitter:label1\" content=\"Tempo de lectura\" \/>\n\t<meta name=\"twitter:data1\" content=\"6 minutos\" \/>\n<script type=\"application\/ld+json\" class=\"yoast-schema-graph\">{\"@context\":\"https:\/\/schema.org\",\"@graph\":[{\"@type\":\"WebPage\",\"@id\":\"https:\/\/concertosdoxacobeo.gal\/2024\/aviso-legal\/\",\"url\":\"https:\/\/concertosdoxacobeo.gal\/2024\/aviso-legal\/\",\"name\":\"Aviso legal &#8212; ConcertosDoXacobeo.gal\",\"isPartOf\":{\"@id\":\"https:\/\/concertosdoxacobeo.gal\/2024\/#website\"},\"datePublished\":\"2022-04-29T21:21:30+00:00\",\"dateModified\":\"2022-05-30T18:40:49+00:00\",\"breadcrumb\":{\"@id\":\"https:\/\/concertosdoxacobeo.gal\/2024\/aviso-legal\/#breadcrumb\"},\"inLanguage\":\"gl-ES\",\"potentialAction\":[{\"@type\":\"ReadAction\",\"target\":[\"https:\/\/concertosdoxacobeo.gal\/2024\/aviso-legal\/\"]}]},{\"@type\":\"BreadcrumbList\",\"@id\":\"https:\/\/concertosdoxacobeo.gal\/2024\/aviso-legal\/#breadcrumb\",\"itemListElement\":[{\"@type\":\"ListItem\",\"position\":1,\"name\":\"Portada\",\"item\":\"https:\/\/concertosdoxacobeo.gal\/2024\/\"},{\"@type\":\"ListItem\",\"position\":2,\"name\":\"Aviso legal\"}]},{\"@type\":\"WebSite\",\"@id\":\"https:\/\/concertosdoxacobeo.gal\/2024\/#website\",\"url\":\"https:\/\/concertosdoxacobeo.gal\/2024\/\",\"name\":\"ConcertosDoXacobeo.gal\",\"description\":\"A m\u00fasica ao vivo\",\"publisher\":{\"@id\":\"https:\/\/concertosdoxacobeo.gal\/2024\/#organization\"},\"potentialAction\":[{\"@type\":\"SearchAction\",\"target\":{\"@type\":\"EntryPoint\",\"urlTemplate\":\"https:\/\/concertosdoxacobeo.gal\/2024\/?s={search_term_string}\"},\"query-input\":\"required name=search_term_string\"}],\"inLanguage\":\"gl-ES\"},{\"@type\":\"Organization\",\"@id\":\"https:\/\/concertosdoxacobeo.gal\/2024\/#organization\",\"name\":\"CONCERTOS DO XACOBEO\",\"url\":\"https:\/\/concertosdoxacobeo.gal\/2024\/\",\"logo\":{\"@type\":\"ImageObject\",\"inLanguage\":\"gl-ES\",\"@id\":\"https:\/\/concertosdoxacobeo.gal\/2024\/#\/schema\/logo\/image\/\",\"url\":\"https:\/\/concertosdoxacobeo.gal\/2024\/wp-content\/uploads\/2022\/04\/logo-dark-retina-.png\",\"contentUrl\":\"https:\/\/concertosdoxacobeo.gal\/2024\/wp-content\/uploads\/2022\/04\/logo-dark-retina-.png\",\"width\":350,\"height\":210,\"caption\":\"CONCERTOS DO XACOBEO\"},\"image\":{\"@id\":\"https:\/\/concertosdoxacobeo.gal\/2024\/#\/schema\/logo\/image\/\"},\"sameAs\":[\"https:\/\/www.facebook.com\/CaminoXacobeo\",\"https:\/\/x.com\/camino_xacobeo\",\"https:\/\/www.instagram.com\/camino_xacobeo\/\"]}]}<\/script>\n<!-- \/ Yoast SEO plugin. -->","yoast_head_json":{"title":"Aviso legal &#8212; ConcertosDoXacobeo.gal","robots":{"index":"noindex","follow":"follow"},"og_locale":"gl_ES","og_type":"article","og_title":"Aviso legal &#8212; ConcertosDoXacobeo.gal","og_description":"[vc_row type=&#8221;in_container&#8221; full_screen_row_position=&#8221;middle&#8221; column_margin=&#8221;default&#8221; column_direction=&#8221;default&#8221; column_direction_tablet=&#8221;default&#8221; column_direction_phone=&#8221;default&#8221; scene_position=&#8221;center&#8221; bottom_padding=&#8221;10%&#8221; text_color=&#8221;dark&#8221; text_align=&#8221;left&#8221; row_border_radius=&#8221;none&#8221; row_border_radius_applies=&#8221;bg&#8221; overflow=&#8221;visible&#8221; advanced_gradient_angle=&#8221;0&#8243; overlay_strength=&#8221;0.3&#8243; gradient_direction=&#8221;left_to_right&#8221; shape_divider_position=&#8221;bottom&#8221; bg_image_animation=&#8221;none&#8221; gradient_type=&#8221;default&#8221; shape_type=&#8221;&#8221;][vc_column column_padding=&#8221;no-extra-padding&#8221; column_padding_tablet=&#8221;inherit&#8221; column_padding_phone=&#8221;inherit&#8221; column_padding_position=&#8221;all&#8221; column_element_spacing=&#8221;default&#8221; background_color_opacity=&#8221;1&#8243; background_hover_color_opacity=&#8221;1&#8243; column_shadow=&#8221;none&#8221; column_border_radius=&#8221;none&#8221;...","og_url":"https:\/\/concertosdoxacobeo.gal\/2024\/aviso-legal\/","og_site_name":"ConcertosDoXacobeo.gal","article_publisher":"https:\/\/www.facebook.com\/CaminoXacobeo","article_modified_time":"2022-05-30T18:40:49+00:00","twitter_card":"summary_large_image","twitter_site":"@camino_xacobeo","twitter_misc":{"Tempo de lectura":"6 minutos"},"schema":{"@context":"https:\/\/schema.org","@graph":[{"@type":"WebPage","@id":"https:\/\/concertosdoxacobeo.gal\/2024\/aviso-legal\/","url":"https:\/\/concertosdoxacobeo.gal\/2024\/aviso-legal\/","name":"Aviso legal &#8212; ConcertosDoXacobeo.gal","isPartOf":{"@id":"https:\/\/concertosdoxacobeo.gal\/2024\/#website"},"datePublished":"2022-04-29T21:21:30+00:00","dateModified":"2022-05-30T18:40:49+00:00","breadcrumb":{"@id":"https:\/\/concertosdoxacobeo.gal\/2024\/aviso-legal\/#breadcrumb"},"inLanguage":"gl-ES","potentialAction":[{"@type":"ReadAction","target":["https:\/\/concertosdoxacobeo.gal\/2024\/aviso-legal\/"]}]},{"@type":"BreadcrumbList","@id":"https:\/\/concertosdoxacobeo.gal\/2024\/aviso-legal\/#breadcrumb","itemListElement":[{"@type":"ListItem","position":1,"name":"Portada","item":"https:\/\/concertosdoxacobeo.gal\/2024\/"},{"@type":"ListItem","position":2,"name":"Aviso legal"}]},{"@type":"WebSite","@id":"https:\/\/concertosdoxacobeo.gal\/2024\/#website","url":"https:\/\/concertosdoxacobeo.gal\/2024\/","name":"ConcertosDoXacobeo.gal","description":"A m\u00fasica ao vivo","publisher":{"@id":"https:\/\/concertosdoxacobeo.gal\/2024\/#organization"},"potentialAction":[{"@type":"SearchAction","target":{"@type":"EntryPoint","urlTemplate":"https:\/\/concertosdoxacobeo.gal\/2024\/?s={search_term_string}"},"query-input":"required name=search_term_string"}],"inLanguage":"gl-ES"},{"@type":"Organization","@id":"https:\/\/concertosdoxacobeo.gal\/2024\/#organization","name":"CONCERTOS DO XACOBEO","url":"https:\/\/concertosdoxacobeo.gal\/2024\/","logo":{"@type":"ImageObject","inLanguage":"gl-ES","@id":"https:\/\/concertosdoxacobeo.gal\/2024\/#\/schema\/logo\/image\/","url":"https:\/\/concertosdoxacobeo.gal\/2024\/wp-content\/uploads\/2022\/04\/logo-dark-retina-.png","contentUrl":"https:\/\/concertosdoxacobeo.gal\/2024\/wp-content\/uploads\/2022\/04\/logo-dark-retina-.png","width":350,"height":210,"caption":"CONCERTOS DO XACOBEO"},"image":{"@id":"https:\/\/concertosdoxacobeo.gal\/2024\/#\/schema\/logo\/image\/"},"sameAs":["https:\/\/www.facebook.com\/CaminoXacobeo","https:\/\/x.com\/camino_xacobeo","https:\/\/www.instagram.com\/camino_xacobeo\/"]}]}},"_links":{"self":[{"href":"https:\/\/concertosdoxacobeo.gal\/2024\/wp-json\/wp\/v2\/pages\/127"}],"collection":[{"href":"https:\/\/concertosdoxacobeo.gal\/2024\/wp-json\/wp\/v2\/pages"}],"about":[{"href":"https:\/\/concertosdoxacobeo.gal\/2024\/wp-json\/wp\/v2\/types\/page"}],"author":[{"embeddable":true,"href":"https:\/\/concertosdoxacobeo.gal\/2024\/wp-json\/wp\/v2\/users\/1"}],"replies":[{"embeddable":true,"href":"https:\/\/concertosdoxacobeo.gal\/2024\/wp-json\/wp\/v2\/comments?post=127"}],"version-history":[{"count":3,"href":"https:\/\/concertosdoxacobeo.gal\/2024\/wp-json\/wp\/v2\/pages\/127\/revisions"}],"predecessor-version":[{"id":138,"href":"https:\/\/concertosdoxacobeo.gal\/2024\/wp-json\/wp\/v2\/pages\/127\/revisions\/138"}],"wp:attachment":[{"href":"https:\/\/concertosdoxacobeo.gal\/2024\/wp-json\/wp\/v2\/media?parent=127"}],"curies":[{"name":"wp","href":"https:\/\/api.w.org\/{rel}","templated":true}]}}